{"id":282,"date":"2015-11-17T09:36:46","date_gmt":"2015-11-17T09:36:46","guid":{"rendered":"https:\/\/tornilleriasegur.com\/fr\/?page_id=282"},"modified":"2018-11-28T15:50:23","modified_gmt":"2018-11-28T15:50:23","slug":"piezas-para-caucho-metal","status":"publish","type":"page","link":"https:\/\/tornilleriasegur.com\/fr\/tornilleria-especial\/piezas-para-caucho-metal\/","title":{"rendered":"PI\u00c8CES POUR CAOUTCHOUC-M\u00c9TAL"},"content":{"rendered":"<p>[et_pb_section bb_built=&#8221;1&#8243;][et_pb_row][et_pb_column type=&#8221;4_4&#8243;][et_pb_text _builder_version=&#8221;3.17.6&#8243;]<\/p>\n<h1 class=\"entry-title\"><span style=\"color: #008000;\">PI\u00c8CES<\/span> POUR CAOUTCHOUC-M\u00c9TAL<\/h1>\n<p>[\/et_pb_text][\/et_pb_column][\/et_pb_row][et_pb_row][et_pb_column type=&#8221;1_3&#8243;][et_pb_sidebar _builder_version=&#8221;3.17.6&#8243; area=&#8221;sidebar-1&#8243; \/][\/et_pb_column][et_pb_column type=&#8221;2_3&#8243;][et_pb_text _builder_version=&#8221;3.17.6&#8243;]<\/p>\n<div id=\"attachment_184\" style=\"width: 310px\" class=\"wp-caption alignleft\"><a href=\"https:\/\/tornilleriasegur.com\/fr\/wp-content\/uploads\/2015\/03\/FOTO-141.jpg\"><img loading=\"lazy\" decoding=\"async\" aria-describedby=\"caption-attachment-184\" class=\"wp-image-184 size-medium\" src=\"https:\/\/tornilleriasegur.com\/fr\/wp-content\/uploads\/2015\/03\/FOTO-141-300x200.jpg\" alt=\"PIEZAS PARA CAUCHO METAL\" width=\"300\" height=\"200\" srcset=\"https:\/\/tornilleriasegur.com\/fr\/wp-content\/uploads\/2015\/03\/FOTO-141-300x200.jpg 300w, https:\/\/tornilleriasegur.com\/fr\/wp-content\/uploads\/2015\/03\/FOTO-141.jpg 900w, https:\/\/tornilleriasegur.com\/fr\/wp-content\/uploads\/2015\/03\/FOTO-141-400x267.jpg 400w\" sizes=\"(max-width: 300px) 100vw, 300px\" \/><\/a><p id=\"caption-attachment-184\" class=\"wp-caption-text\">PI\u00c8CES POUR CAOUTCHOUC-M\u00c9TAL<\/p><\/div>\n<p>Chez Torniller\u00eda Segur, nous fabriquons des pi\u00e8ces pour le secteur du caoutchouc-m\u00e9tal avec des t\u00eates hexagonales allant jusqu\u2019\u00e0 21 mm de largeur entre plats et des t\u00eates cylindriques allant jusqu\u2019\u00e0 35 mm de diam\u00e8tre.<\/p>\n<p>N\u2019h\u00e9sitez pas \u00e0 nous contacter pour toute demande \u00e9ventuelle concernant ce type de pi\u00e8ces.<\/p>\n<p>[\/et_pb_text][\/et_pb_column][\/et_pb_row][\/et_pb_section]<\/p>\n","protected":false},"excerpt":{"rendered":"<p><div class=\"et_pb_row et_pb_row_0 et_pb_row_empty\">\n\t\t\t\t\n\t\t\t\t\n\t\t\t\t\n\t\t\t\t\n\t\t\t\t\n\t\t\t<\/div> PI\u00c8CES POUR CAOUTCHOUC-M\u00c9TAL <div class=\"et_pb_row et_pb_row_1 et_pb_row_empty\">\n\t\t\t\t\n\t\t\t\t\n\t\t\t\t\n\t\t\t\t\n\t\t\t\t\n\t\t\t<\/div> Chez Torniller\u00eda Segur, nous fabriquons des pi\u00e8ces pour le secteur du caoutchouc-m\u00e9tal avec des t\u00eates hexagonales allant jusqu\u2019\u00e0 21 mm de largeur entre plats et des t\u00eates cylindriques allant jusqu\u2019\u00e0 35 mm de diam\u00e8tre.N\u2019h\u00e9sitez pas \u00e0 nous contacter pour toute demande \u00e9ventuelle concernant ce type de pi\u00e8ces.<\/p>\n","protected":false},"author":1,"featured_media":0,"parent":153,"menu_order":0,"comment_status":"closed","ping_status":"closed","template":"","meta":{"_et_pb_use_builder":"on","_et_pb_old_content":"[caption id=\"attachment_184\" align=\"alignleft\" width=\"300\"]<a href=\"https:\/\/tornilleriasegur.com\/fr\/wp-content\/uploads\/2015\/03\/FOTO-141.jpg\"><img class=\"wp-image-184 size-medium\" src=\"https:\/\/tornilleriasegur.com\/fr\/wp-content\/uploads\/2015\/03\/FOTO-141-300x200.jpg\" alt=\"PIEZAS PARA CAUCHO METAL\" width=\"300\" height=\"200\" \/><\/a> PIEZAS PARA CAUCHO METAL[\/caption]<p>PIEZAS PARA CAUCHO METAL: En Torniller\u00eda Segur fabricamos piezas para el sector de caucho-metal con cabezas hexagonales de hasta 21 mm. de entrecara y cabezas cil\u00edndricas de hasta 35mm. de di\u00e1metro.<\/p><p>No duden en consultarnos cualquier requerimiento que puedan necesitar en este tipo de piezas.<\/p>","_et_gb_content_width":"","footnotes":""},"class_list":["post-282","page","type-page","status-publish","hentry"],"_links":{"self":[{"href":"https:\/\/tornilleriasegur.com\/fr\/wp-json\/wp\/v2\/pages\/282","targetHints":{"allow":["GET"]}}],"collection":[{"href":"https:\/\/tornilleriasegur.com\/fr\/wp-json\/wp\/v2\/pages"}],"about":[{"href":"https:\/\/tornilleriasegur.com\/fr\/wp-json\/wp\/v2\/types\/page"}],"author":[{"embeddable":true,"href":"https:\/\/tornilleriasegur.com\/fr\/wp-json\/wp\/v2\/users\/1"}],"replies":[{"embeddable":true,"href":"https:\/\/tornilleriasegur.com\/fr\/wp-json\/wp\/v2\/comments?post=282"}],"version-history":[{"count":7,"href":"https:\/\/tornilleriasegur.com\/fr\/wp-json\/wp\/v2\/pages\/282\/revisions"}],"predecessor-version":[{"id":547,"href":"https:\/\/tornilleriasegur.com\/fr\/wp-json\/wp\/v2\/pages\/282\/revisions\/547"}],"up":[{"embeddable":true,"href":"https:\/\/tornilleriasegur.com\/fr\/wp-json\/wp\/v2\/pages\/153"}],"wp:attachment":[{"href":"https:\/\/tornilleriasegur.com\/fr\/wp-json\/wp\/v2\/media?parent=282"}],"curies":[{"name":"wp","href":"https:\/\/api.w.org\/{rel}","templated":true}]}}