{"id":296,"date":"2015-11-17T09:52:51","date_gmt":"2015-11-17T09:52:51","guid":{"rendered":"https:\/\/tornilleriasegur.com\/fr\/?page_id=296"},"modified":"2018-11-28T16:10:51","modified_gmt":"2018-11-28T16:10:51","slug":"tornillos-con-rosca-madera-plastico-chapa","status":"publish","type":"page","link":"https:\/\/tornilleriasegur.com\/fr\/tornilleria-especial\/tornillos-con-rosca-madera-plastico-chapa\/","title":{"rendered":"VIS \u00c0 FILETAGE, BOIS, PLASTIQUE, T\u00d4LE"},"content":{"rendered":"<p>[et_pb_section bb_built=&#8221;1&#8243;][et_pb_row][et_pb_column type=&#8221;4_4&#8243;][et_pb_text _builder_version=&#8221;3.17.6&#8243;]<\/p>\n<h1 class=\"entry-title\"><span style=\"color: #008000;\">VIS<\/span> \u00c0 FILETAGE, BOIS, PLASTIQUE, T\u00d4LE<\/h1>\n<p>[\/et_pb_text][\/et_pb_column][\/et_pb_row][et_pb_row][et_pb_column type=&#8221;1_3&#8243;][et_pb_sidebar _builder_version=&#8221;3.17.6&#8243; area=&#8221;sidebar-1&#8243; \/][\/et_pb_column][et_pb_column type=&#8221;2_3&#8243;][et_pb_text _builder_version=&#8221;3.17.6&#8243;]<\/p>\n<div id=\"attachment_231\" style=\"width: 310px\" class=\"wp-caption alignleft\"><a href=\"https:\/\/tornilleriasegur.com\/fr\/wp-content\/uploads\/2015\/03\/FOTO-83.jpg\"><img loading=\"lazy\" decoding=\"async\" aria-describedby=\"caption-attachment-231\" class=\"size-medium wp-image-231\" src=\"https:\/\/tornilleriasegur.com\/fr\/wp-content\/uploads\/2015\/03\/FOTO-83-300x200.jpg\" alt=\"TORNILLOS CON ROSCA, MADERA, PLASTICO, CHAPA\" width=\"300\" height=\"200\" srcset=\"https:\/\/tornilleriasegur.com\/fr\/wp-content\/uploads\/2015\/03\/FOTO-83-300x200.jpg 300w, https:\/\/tornilleriasegur.com\/fr\/wp-content\/uploads\/2015\/03\/FOTO-83.jpg 900w, https:\/\/tornilleriasegur.com\/fr\/wp-content\/uploads\/2015\/03\/FOTO-83-400x267.jpg 400w\" sizes=\"(max-width: 300px) 100vw, 300px\" \/><\/a><p id=\"caption-attachment-231\" class=\"wp-caption-text\">VIS \u00c0 FILETAGE, BOIS, PLASTIQUE, T\u00d4LE<\/p><\/div>\n<div class=\"entry-content\">\n<p>VIS \u00c0 FILETAGE, BOIS, PLASTIQUE, T\u00d4LE : Vis \u00e0 filetages sp\u00e9ciaux pour plastique, bois, t\u00f4le, etc.<\/p>\n<\/div>\n<p>[\/et_pb_text][\/et_pb_column][\/et_pb_row][\/et_pb_section]<\/p>\n","protected":false},"excerpt":{"rendered":"<p><div class=\"et_pb_row et_pb_row_0 et_pb_row_empty\">\n\t\t\t\t\n\t\t\t\t\n\t\t\t\t\n\t\t\t\t\n\t\t\t\t\n\t\t\t<\/div> VIS \u00c0 FILETAGE, BOIS, PLASTIQUE, T\u00d4LE <div class=\"et_pb_row et_pb_row_1 et_pb_row_empty\">\n\t\t\t\t\n\t\t\t\t\n\t\t\t\t\n\t\t\t\t\n\t\t\t\t\n\t\t\t<\/div> VIS \u00c0 FILETAGE, BOIS, PLASTIQUE, T\u00d4LE : Vis \u00e0 filetages sp\u00e9ciaux pour plastique, bois, t\u00f4le, etc.<\/p>\n","protected":false},"author":1,"featured_media":0,"parent":153,"menu_order":0,"comment_status":"closed","ping_status":"closed","template":"","meta":{"_et_pb_use_builder":"on","_et_pb_old_content":"[caption id=\"attachment_231\" align=\"alignleft\" width=\"300\"]<a href=\"https:\/\/tornilleriasegur.com\/fr\/wp-content\/uploads\/2015\/03\/FOTO-83.jpg\"><img class=\"size-medium wp-image-231\" src=\"https:\/\/tornilleriasegur.com\/fr\/wp-content\/uploads\/2015\/03\/FOTO-83-300x200.jpg\" alt=\"TORNILLOS CON ROSCA, MADERA, PLASTICO, CHAPA\" width=\"300\" height=\"200\" \/><\/a> TORNILLOS CON ROSCA, MADERA, PLASTICO, CHAPA[\/caption]<p>TORNILLOS CON ROSCA, MADERA, PLASTICO, CHAPA: Tornillos con roscas especiales para pl\u00e1stico, madera, chapa,\u2026<\/p>","_et_gb_content_width":"","footnotes":""},"class_list":["post-296","page","type-page","status-publish","hentry"],"_links":{"self":[{"href":"https:\/\/tornilleriasegur.com\/fr\/wp-json\/wp\/v2\/pages\/296","targetHints":{"allow":["GET"]}}],"collection":[{"href":"https:\/\/tornilleriasegur.com\/fr\/wp-json\/wp\/v2\/pages"}],"about":[{"href":"https:\/\/tornilleriasegur.com\/fr\/wp-json\/wp\/v2\/types\/page"}],"author":[{"embeddable":true,"href":"https:\/\/tornilleriasegur.com\/fr\/wp-json\/wp\/v2\/users\/1"}],"replies":[{"embeddable":true,"href":"https:\/\/tornilleriasegur.com\/fr\/wp-json\/wp\/v2\/comments?post=296"}],"version-history":[{"count":7,"href":"https:\/\/tornilleriasegur.com\/fr\/wp-json\/wp\/v2\/pages\/296\/revisions"}],"predecessor-version":[{"id":554,"href":"https:\/\/tornilleriasegur.com\/fr\/wp-json\/wp\/v2\/pages\/296\/revisions\/554"}],"up":[{"embeddable":true,"href":"https:\/\/tornilleriasegur.com\/fr\/wp-json\/wp\/v2\/pages\/153"}],"wp:attachment":[{"href":"https:\/\/tornilleriasegur.com\/fr\/wp-json\/wp\/v2\/media?parent=296"}],"curies":[{"name":"wp","href":"https:\/\/api.w.org\/{rel}","templated":true}]}}